{"id":144,"date":"2021-01-07T18:39:52","date_gmt":"2021-01-07T17:39:52","guid":{"rendered":"http:\/\/storage-partner.pl\/?page_id=144"},"modified":"2023-01-12T09:48:29","modified_gmt":"2023-01-12T08:48:29","slug":"polityka-prywatnosci","status":"publish","type":"page","link":"https:\/\/storage-partner.pl\/index.php\/polityka-prywatnosci\/","title":{"rendered":"Polityka prywatno\u015bci"},"content":{"rendered":"\t\t<div data-elementor-type=\"wp-page\" data-elementor-id=\"144\" class=\"elementor elementor-144\" data-elementor-settings=\"{&quot;ha_cmc_init_switcher&quot;:&quot;no&quot;}\">\n\t\t\t\t\t\t<section class=\"elementor-section elementor-top-section elementor-element elementor-element-e9d1060 elementor-section-boxed elementor-section-height-default elementor-section-height-default\" data-id=\"e9d1060\" data-element_type=\"section\" data-settings=\"{&quot;_ha_eqh_enable&quot;:false}\">\n\t\t\t\t\t\t<div class=\"elementor-container elementor-column-gap-default\">\n\t\t\t\t\t<div class=\"elementor-column elementor-col-100 elementor-top-column elementor-element elementor-element-bdc8dd1\" data-id=\"bdc8dd1\" data-element_type=\"column\">\n\t\t\t<div class=\"elementor-widget-wrap elementor-element-populated\">\n\t\t\t\t\t\t<div class=\"elementor-element elementor-element-6a6e147 elementor-widget elementor-widget-heading\" data-id=\"6a6e147\" data-element_type=\"widget\" data-widget_type=\"heading.default\">\n\t\t\t\t<div class=\"elementor-widget-container\">\n\t\t\t\t\t<h3 class=\"elementor-heading-title elementor-size-default\">Polityka prywatno\u015bci i cookies <\/h3>\t\t\t\t<\/div>\n\t\t\t\t<\/div>\n\t\t\t\t\t<\/div>\n\t\t<\/div>\n\t\t\t\t\t<\/div>\n\t\t<\/section>\n\t\t\t\t<section class=\"elementor-section elementor-top-section elementor-element elementor-element-e56fd46 elementor-section-boxed elementor-section-height-default elementor-section-height-default\" data-id=\"e56fd46\" data-element_type=\"section\" data-settings=\"{&quot;_ha_eqh_enable&quot;:false}\">\n\t\t\t\t\t\t<div class=\"elementor-container elementor-column-gap-default\">\n\t\t\t\t\t<div class=\"elementor-column elementor-col-100 elementor-top-column elementor-element elementor-element-c173469\" data-id=\"c173469\" data-element_type=\"column\">\n\t\t\t<div class=\"elementor-widget-wrap elementor-element-populated\">\n\t\t\t\t\t\t<div class=\"elementor-element elementor-element-39722e3 elementor-widget elementor-widget-text-editor\" data-id=\"39722e3\" data-element_type=\"widget\" data-widget_type=\"text-editor.default\">\n\t\t\t\t<div class=\"elementor-widget-container\">\n\t\t\t\t\t\t\t\t\t<p>\u00a71<b> ZASADY PRZETWARZANIA DANYCH OSOBOWYCH<br \/><\/b>1. Administratorem Pa\u0144stwa danych osobowych przekazywanych na niniejszej stronie internetowej jest STORAGE PARTNER Kamil W\u00f3jcik ul. \u017bbikowska 8A, 05-800 Pruszk\u00f3w, NIP: 9521921121<br \/>2. Zgodnie z art. 13 ust. 1 i ust. 2 og\u00f3lnego rozporz\u0105dzenia o ochronie danych osobowych z dnia 27 kwietnia 2016 r. poni\u017cej znajd\u0105 Pa\u0144stwo informacj\u0119 niezb\u0119dne ze wzgl\u0119du na przetwarzanie danych osobowych przez Administratora.<br \/>3. Dane osobowe przetwarzane na poni\u017cszej stronie mog\u0105 by\u0107 wykorzystywane w celu:<\/p><ul><li>\u015awiadczenia na Twoj\u0105 rzecz us\u0142ug drog\u0105 elektroniczn\u0105, na podstawie Twojej zgody (podstawa art. 6 ust. 1 lit. a RODO);<\/li><li>Przesy\u0142ania informacji handlowych o Produktach i Us\u0142ugach Administratora Danych Osobowych na podstawie Twojej zgody (podstawa art. 6 ust. 1 lit. a RODO);<\/li><li>W celu ewentualnego ustalenia, dochodzenia lub obrony przed roszczeniami, co jest naszym prawnie uzasadnionym interesem (podstawa z art. 6 ust. 1 lit. f RODO),<\/li><li>B\u0119dziemy przetwarza\u0107 kategorie Twoich danych osobowych takie jak podstawowe dane identyfikacyjne, dane adresowe i dane dotycz\u0105ce mo\u017cliwo\u015bci kontaktu z Tob\u0105.<\/li><li>Twoje dane osobowe mo\u017cemy udost\u0119pnia\u0107 podwykonawcom, czyli podmiotom, z kt\u00f3rych korzystamy przy ich przetwarzaniu.<\/li><li>Nie przekazujemy Twoich danych poza teren EU\/EOG.<\/li><li>Twoje Dane osobowe b\u0119d\u0105 przetwarzane i przechowywane od momentu ich uzyskania przez Administratora Danych Osobowych do czasu zako\u0144czenia \u015bwiadczenia us\u0142ug na Twoj\u0105 rzecz.<\/li><li>Warto pami\u0119ta\u0107, \u017ce masz prawo wniesienia skargi do UODO gdy uznasz, i\u017c przetwarzanie danych osobowych narusza przepisy og\u00f3lnego rozporz\u0105dzenia o ochronie danych osobowych z dnia 27 kwietnia 2016 r.<\/li><li>Podanie danych jest dobrowolne ale ich nie podanie b\u0119dzie r\u00f3wnoznaczne z brakiem mo\u017cliwo\u015bci udzielenia odpowiedzi na pytanie, brakiem mo\u017cliwo\u015bci kontaktu, brakiem mo\u017cliwo\u015bci \u015bwiadczenia us\u0142ug oraz brakiem mo\u017cliwo\u015bci otrzymywania informacji o charakterze marketingowym.<\/li><li>Administrator danych osobowych zapewnia, \u017ce dane s\u0105 gromadzone, przetwarzane i wykorzystywane zgodnie z przepisami ustawy o ochronie danych osobowych w\u0142a\u015bciwych dla kraju, w kt\u00f3rym dane s\u0105 gromadzone.<\/li><\/ul><p><strong>\u00a72 PRAWA ZWI\u0104ZANE Z PRZETWARZANIEM DANYCH OSOBOWYCH PRZEZ ADMINISTRATORA<br \/><\/strong>W zwi\u0105zku z przetwarzaniem danych osobowych przez Administratora przys\u0142uguje Ci prawo:<br \/>1. dost\u0119pu do swoich danych osobowych i otrzymania ich kopii;<br \/>2. do sprostowania (poprawiania swoich danych);<br \/>3. do usuni\u0119cia danych<\/p><p><strong>WA\u017bNE!<\/strong> Je\u017celi Twoim zdaniem nie ma podstaw do tego, aby\u015bmy przetwarzali Twoje dane, mo\u017cesz \u017c\u0105da\u0107 aby\u015bmy je usun\u0119li.<\/p><p>4. do ograniczenia przetwarzania danych osobowych;<\/p><p><strong>WA\u017bNE!<\/strong> Mo\u017cesz za\u017c\u0105da\u0107, aby\u015bmy ograniczyli przetwarzanie danych Twoich danych osobowych wy\u0142\u0105cznie do ich przechowywania lub wykonywania uzgodnionych z Tob\u0105 dzia\u0142a\u0144, je\u017celi Twoim zdaniem mamy nieprawid\u0142owe dane na Tw\u00f3j temat lub przetwarzamy je bezpodstawnie; lub nie chcesz, \u017ceby\u015bmy je usun\u0119li, bo s\u0105 Ci potrzebne do ustalenia, dochodzenia lub obrony roszcze\u0144; lub na czas wniesionego przez ciebie sprzeciwu wzgl\u0119dem przetwarzania danych.<\/p><p>5. do wniesienia sprzeciwu wobec przetwarzania danych osobowych;<br \/>6. do przenoszenia danych;<\/p><p><strong>WA\u017bNE!<\/strong> Masz prawo otrzyma\u0107 od nas w ustrukturyzowanym, powszechnie u\u017cywanym formacie nadaj\u0105cym si\u0119 do odczytu maszynowego. Mo\u017cesz te\u017c zleci\u0107 nam przes\u0142anie tych danych bezpo\u015brednio innemu podmiotowi.<\/p><p>7. prawo do wniesienia skargi do organu nadzorczego;\u00a0<br \/>8. prawo do cofni\u0119cia zgody na przetwarzanie danych osobowych<\/p><p><strong>WA\u017bNE!<\/strong> W celu realizacji jakiegokolwiek z wy\u017cej wymienionych uprawnie\u0144 jeste\u015b proszony o przes\u0142anie stosownej wiadomo\u015bci e-mail na adres Administratora Danych Osobowych. Twoje zg\u0142oszenie zostanie rozpatrzone niezw\u0142ocznie.<\/p><p><strong>\u00a73 ZAKRES PRZETWARZANIA DANYCH<\/strong><br \/>1. Podczas korzystania ze Serwisu Internetowego niekt\u00f3re dane s\u0105 automatycznie zachowywane na serwerach Administratora Serwisu dla cel\u00f3w administracji systemu albo dla cel\u00f3w statystycznych b\u0105d\u017a wykonania kopii zapasowych. Powy\u017csze dane obejmuj\u0105:<br \/>1. nazw\u0119 Pa\u0144stwa dostawcy dost\u0119pu do Internetu;<br \/>2. adres IP;<br \/>3. wersj\u0119 oprogramowania przegl\u0105darki;<br \/>4. system operacyjny komputera;<br \/>5. logi systemowe;<br \/>2. Administrator Danych Osobowych przetwarza dane osobowe U\u017cytkownika takie jak:<br \/>1. imi\u0119 i nazwisko lub nazwa firmy;<br \/>2. adres poczty elektronicznej;<\/p><p><strong>\u00a74 PLIKI COOKIES<\/strong><br \/>1. Serwis korzysta z plik\u00f3w cookies.<br \/>2. Pliki cookies (tzw. ciasteczka) stanowi\u0105 dane informatyczne, w szczeg\u00f3lno\u015bci pliki tekstowe, kt\u00f3re przechowywane s\u0105 w urz\u0105dzeniu ko\u0144cowym U\u017cytkownika Serwisu i przeznaczone s\u0105 do korzystania ze stron internetowych Serwisu. Cookies zazwyczaj zawieraj\u0105 nazw\u0119 strony internetowej, z kt\u00f3rej pochodz\u0105, czas przechowywania ich na urz\u0105dzeniu ko\u0144cowym oraz unikalny numer.<br \/>3. Podmiotem zamieszczaj\u0105cym na urz\u0105dzeniu ko\u0144cowym U\u017cytkownika Serwisu pliki cookies oraz uzyskuj\u0105cym do nich dost\u0119p jest operator Serwisu.<br \/>4. Pliki cookies wykorzystywane s\u0105 w nast\u0119puj\u0105cych celach:<br \/>1. Tworzenia statystyk, kt\u00f3re pomagaj\u0105 zrozumie\u0107, w jaki spos\u00f3b U\u017cytkownicy Serwisu korzystaj\u0105 ze stron internetowych, co umo\u017cliwia ulepszanie ich struktury i zawarto\u015bci,<br \/>2. utrzymanie sesji U\u017cytkownika Serwisu (po zalogowaniu), dzi\u0119ki kt\u00f3rej U\u017cytkownik nie musi na ka\u017cdej podstronie Serwisu ponownie wpisywa\u0107 loginu i has\u0142a,<br \/>3. okre\u015blania profilu u\u017cytkownika w celu wy\u015bwietlania mu dopasowanych materia\u0142\u00f3w w sieciach reklamowych, w szczeg\u00f3lno\u015bci sieci Google.<br \/>5. W ramach Serwisu stosowane s\u0105 dwa zasadnicze rodzaje plik\u00f3w cookies: \u201esesyjne\u201d (session cookies) oraz \u201esta\u0142e\u201d (persistent cookies). Cookies \u201esesyjne\u201d s\u0105 plikami tymczasowymi, kt\u00f3re przechowywane s\u0105 w urz\u0105dzeniu ko\u0144cowym U\u017cytkownika do czasu wylogowania, opuszczenia strony internetowej lub wy\u0142\u0105czenia oprogramowania (przegl\u0105darki internetowej). \u201eSta\u0142e\u201d pliki cookies przechowywane s\u0105 w urz\u0105dzeniu ko\u0144cowym U\u017cytkownika przez czas okre\u015blony w parametrach plik\u00f3w cookies lub do czasu ich usuni\u0119cia przez U\u017cytkownika.<br \/>6. Oprogramowanie do przegl\u0105dania stron internetowych (przegl\u0105darka internetowa) zazwyczaj domy\u015blnie dopuszcza przechowywanie plik\u00f3w cookies w urz\u0105dzeniu ko\u0144cowym U\u017cytkownika. U\u017cytkownicy Serwisu mog\u0105 dokona\u0107 zmiany ustawie\u0144 w tym zakresie. Przegl\u0105darka internetowa umo\u017cliwia usuni\u0119cie plik\u00f3w cookies. Mo\u017cliwe jest tak\u017ce automatyczne blokowanie plik\u00f3w cookies. Szczeg\u00f3\u0142owe informacje na ten temat zawiera pomoc lub dokumentacja przegl\u0105darki internetowej.<br \/>7. Ograniczenia stosowania plik\u00f3w cookies mog\u0105 wp\u0142yn\u0105\u0107 na niekt\u00f3re funkcjonalno\u015bci dost\u0119pne na stronach internetowych Serwisu.<br \/>8. Pliki cookies zamieszczane w urz\u0105dzeniu ko\u0144cowym U\u017cytkownika Serwisu i wykorzystywane mog\u0105 by\u0107 r\u00f3wnie\u017c przez wsp\u00f3\u0142pracuj\u0105cych z operatorem Serwisu reklamodawc\u00f3w oraz partner\u00f3w.<br \/>9. Zalecamy przeczytanie polityki ochrony prywatno\u015bci tych firm, aby pozna\u0107 zasady korzystania z plik\u00f3w cookie wykorzystywane w statystykach: Polityka ochrony prywatno\u015bci Google Analytics.<br \/>10. Pliki cookie mog\u0105 by\u0107 wykorzystane przez sieci reklamowe, w szczeg\u00f3lno\u015bci sie\u0107 Google, do wy\u015bwietlenia reklam dopasowanych do sposobu, w jaki u\u017cytkownik korzysta z Serwisu. W tym celu mog\u0105 zachowa\u0107 informacj\u0119 o \u015bcie\u017cce nawigacji u\u017cytkownika lub czasie pozostawania na danej stronie.<br \/>11. W zakresie informacji o preferencjach u\u017cytkownika gromadzonych przez sie\u0107 reklamow\u0105 Google u\u017cytkownik mo\u017ce przegl\u0105da\u0107 i edytowa\u0107 informacje wynikaj\u0105ce z plik\u00f3w cookies przy pomocy narz\u0119dzia: https:\/\/www.google.com\/ads\/preferences\/<br \/>12. Zarz\u0105dzanie plikami cookies \u2013 jak w praktyce wyra\u017ca\u0107 i cofa\u0107 zgod\u0119?<br \/>1. Je\u015bli u\u017cytkownik nie chce otrzymywa\u0107 plik\u00f3w cookies, mo\u017ce zmieni\u0107 ustawienia przegl\u0105darki. Zastrzegamy, \u017ce wy\u0142\u0105czenie obs\u0142ugi plik\u00f3w cookies niezb\u0119dnych dla proces\u00f3w uwierzytelniania, bezpiecze\u0144stwa, utrzymania preferencji u\u017cytkownika mo\u017ce utrudni\u0107, a w skrajnych przypadkach mo\u017ce uniemo\u017cliwi\u0107 korzystanie ze stron www<br \/>2. W celu zarz\u0105dzania ustawieniami cookies wybierz z listy poni\u017cej przegl\u0105dark\u0119 internetow\u0105\/ system i post\u0119puj zgodnie z instrukcjami:<br \/>13. Ka\u017cdy U\u017cytkownik ma prawo kierowa\u0107 opini\u0119, uwagi i pytania dotycz\u0105ce zachowania poufno\u015bci informacji oraz polityki prywatno\u015bci do Administratora Danych Osobowych. W tym celu nale\u017cy je kierowa\u0107 pod adres mailowy: biuro@storage-partner.pl<\/p>\t\t\t\t\t\t\t\t<\/div>\n\t\t\t\t<\/div>\n\t\t\t\t\t<\/div>\n\t\t<\/div>\n\t\t\t\t\t<\/div>\n\t\t<\/section>\n\t\t\t\t<\/div>\n\t\t","protected":false},"excerpt":{"rendered":"<p>Polityka prywatno\u015bci i cookies \u00a71 ZASADY PRZETWARZANIA DANYCH OSOBOWYCH1. Administratorem Pa\u0144stwa danych osobowych przekazywanych na niniejszej stronie internetowej jest STORAGE PARTNER Kamil W\u00f3jcik ul. \u017bbikowska 8A, 05-800 Pruszk\u00f3w, NIP: 95219211212. Zgodnie z art. 13 ust. 1 i ust. 2 og\u00f3lnego rozporz\u0105dzenia o ochronie danych osobowych z dnia 27 kwietnia 2016 r. poni\u017cej znajd\u0105 Pa\u0144stwo informacj\u0119 [&hellip;]<\/p>\n","protected":false},"author":1,"featured_media":0,"parent":0,"menu_order":0,"comment_status":"closed","ping_status":"closed","template":"","meta":{"site-sidebar-layout":"no-sidebar","site-content-layout":"page-builder","ast-site-content-layout":"","site-content-style":"default","site-sidebar-style":"default","ast-global-header-display":"","ast-banner-title-visibility":"","ast-main-header-display":"","ast-hfb-above-header-display":"","ast-hfb-below-header-display":"","ast-hfb-mobile-header-display":"","site-post-title":"disabled","ast-breadcrumbs-content":"","ast-featured-img":"disabled","footer-sml-layout":"","theme-transparent-header-meta":"default","adv-header-id-meta":"","stick-header-meta":"","header-above-stick-meta":"","header-main-stick-meta":"","header-below-stick-meta":"","astra-migrate-meta-layouts":"default","ast-page-background-enabled":"default","ast-page-background-meta":{"desktop":{"background-color":"","background-image":"","background-repeat":"repeat","background-position":"center center","background-size":"auto","background-attachment":"scroll","background-type":"","background-media":"","overlay-type":"","overlay-color":"","overlay-opacity":"","overlay-gradient":""},"tablet":{"background-color":"","background-image":"","background-repeat":"repeat","background-position":"center center","background-size":"auto","background-attachment":"scroll","background-type":"","background-media":"","overlay-type":"","overlay-color":"","overlay-opacity":"","overlay-gradient":""},"mobile":{"background-color":"","background-image":"","background-repeat":"repeat","background-position":"center center","background-size":"auto","background-attachment":"scroll","background-type":"","background-media":"","overlay-type":"","overlay-color":"","overlay-opacity":"","overlay-gradient":""}},"ast-content-background-meta":{"desktop":{"background-color":"var(--ast-global-color-5)","background-image":"","background-repeat":"repeat","background-position":"center center","background-size":"auto","background-attachment":"scroll","background-type":"","background-media":"","overlay-type":"","overlay-color":"","overlay-opacity":"","overlay-gradient":""},"tablet":{"background-color":"var(--ast-global-color-5)","background-image":"","background-repeat":"repeat","background-position":"center center","background-size":"auto","background-attachment":"scroll","background-type":"","background-media":"","overlay-type":"","overlay-color":"","overlay-opacity":"","overlay-gradient":""},"mobile":{"background-color":"var(--ast-global-color-5)","background-image":"","background-repeat":"repeat","background-position":"center center","background-size":"auto","background-attachment":"scroll","background-type":"","background-media":"","overlay-type":"","overlay-color":"","overlay-opacity":"","overlay-gradient":""}},"footnotes":""},"class_list":["post-144","page","type-page","status-publish","hentry"],"_links":{"self":[{"href":"https:\/\/storage-partner.pl\/index.php\/wp-json\/wp\/v2\/pages\/144","targetHints":{"allow":["GET"]}}],"collection":[{"href":"https:\/\/storage-partner.pl\/index.php\/wp-json\/wp\/v2\/pages"}],"about":[{"href":"https:\/\/storage-partner.pl\/index.php\/wp-json\/wp\/v2\/types\/page"}],"author":[{"embeddable":true,"href":"https:\/\/storage-partner.pl\/index.php\/wp-json\/wp\/v2\/users\/1"}],"replies":[{"embeddable":true,"href":"https:\/\/storage-partner.pl\/index.php\/wp-json\/wp\/v2\/comments?post=144"}],"version-history":[{"count":16,"href":"https:\/\/storage-partner.pl\/index.php\/wp-json\/wp\/v2\/pages\/144\/revisions"}],"predecessor-version":[{"id":446,"href":"https:\/\/storage-partner.pl\/index.php\/wp-json\/wp\/v2\/pages\/144\/revisions\/446"}],"wp:attachment":[{"href":"https:\/\/storage-partner.pl\/index.php\/wp-json\/wp\/v2\/media?parent=144"}],"curies":[{"name":"wp","href":"https:\/\/api.w.org\/{rel}","templated":true}]}}